{"id":7659,"date":"2025-09-25T12:25:22","date_gmt":"2025-09-25T16:25:22","guid":{"rendered":"https:\/\/actlabs.com\/?page_id=7659"},"modified":"2025-09-25T12:35:02","modified_gmt":"2025-09-25T16:35:02","slug":"associe-au-developpement-des-affaires-mines-mineraux-bilingue-anglais-francais","status":"publish","type":"page","link":"https:\/\/actlabs.com\/fr\/associe-au-developpement-des-affaires-mines-mineraux-bilingue-anglais-francais\/","title":{"rendered":"Associ\u00e9 au d\u00e9veloppement des affaires \u2013 Mines\/Min\u00e9raux (Bilingue Anglais\/Fran\u00e7ais)"},"content":{"rendered":"<div class=\"fusion-fullwidth fullwidth-box fusion-builder-row-1 fusion-flex-container has-pattern-background has-mask-background nonhundred-percent-fullwidth non-hundred-percent-height-scrolling\" style=\"--awb-border-radius-top-left:0px;--awb-border-radius-top-right:0px;--awb-border-radius-bottom-right:0px;--awb-border-radius-bottom-left:0px;--awb-flex-wrap:wrap;\" ><div class=\"fusion-builder-row fusion-row fusion-flex-align-items-flex-start fusion-flex-content-wrap\" style=\"max-width:1248px;margin-left: calc(-4% \/ 2 );margin-right: calc(-4% \/ 2 );\"><div class=\"fusion-layout-column fusion_builder_column fusion-builder-column-0 fusion_builder_column_1_1 1_1 fusion-flex-column\" style=\"--awb-bg-size:cover;--awb-width-large:100%;--awb-margin-top-large:0px;--awb-spacing-right-large:1.92%;--awb-margin-bottom-large:20px;--awb-spacing-left-large:1.92%;--awb-width-medium:100%;--awb-order-medium:0;--awb-spacing-right-medium:1.92%;--awb-spacing-left-medium:1.92%;--awb-width-small:100%;--awb-order-small:0;--awb-spacing-right-small:1.92%;--awb-spacing-left-small:1.92%;\"><div class=\"fusion-column-wrapper fusion-column-has-shadow fusion-flex-justify-content-flex-start fusion-content-layout-column\"><div class=\"fusion-title title fusion-title-1 fusion-sep-none fusion-title-text fusion-title-size-one\"><h1 class=\"fusion-title-heading title-heading-left\" style=\"margin:0;\">Associ\u00e9 au d\u00e9veloppement des affaires \u2013 Mines\/Min\u00e9raux (Bilingue Anglais\/Fran\u00e7ais)<\/h1><\/div><div class=\"fusion-text fusion-text-1\"><p data-start=\"212\" data-end=\"486\"><strong data-start=\"212\" data-end=\"224\">Qui nous sommes<\/strong><\/p>\n<p>Rejoignez un leader mondial avec un impact local !<\/p>\n<p>\u00cates-vous pr\u00eat \u00e0 faire la diff\u00e9rence avec une entreprise leader ayant une empreinte mondiale et une forte pr\u00e9sence locale ? Actlabs, un important fournisseur canadien de services de laboratoire d&rsquo;analyse priv\u00e9, est \u00e0 l&rsquo;avant-garde de l&rsquo;industrie au Canada et dans le monde depuis plus de 30 ans. Avec des op\u00e9rations partout au Canada et dans le monde, nous apportons notre expertise de classe mondiale \u00e0 un large \u00e9ventail d&rsquo;industries, notamment l&rsquo;exploitation mini\u00e8re et l&rsquo;exploration min\u00e9rale, l&rsquo;agriculture, le cannabis, l&rsquo;environnement, la sant\u00e9 au travail, la m\u00e9decine l\u00e9gale, les sciences de la vie, la fabrication et le p\u00e9trole.<\/p>\n<p>Nous investissons dans l\u2019avenir en mettant en \u0153uvre des strat\u00e9gies innovantes pour maintenir notre leadership et renforcer notre impact dans les secteurs que nous servons. Il s&rsquo;agit d&rsquo;une opportunit\u00e9 passionnante pour les personnes dynamiques qui souhaitent faire partie d&rsquo;une entreprise \u00e9tablie et en croissance rapide.<\/p>\n<p>Chez Actlabs, nous nous engageons \u00e0 favoriser la croissance et le d\u00e9veloppement des membres de notre \u00e9quipe, tant professionnellement que personnellement. Si vous \u00eates passionn\u00e9 par l&rsquo;am\u00e9lioration continue et d\u00e9sireux de contribuer \u00e0 une organisation prosp\u00e8re, nous serions ravis que vous rejoigniez notre \u00e9quipe!<\/p>\n<hr data-start=\"1187\" data-end=\"1190\">\n<p data-start=\"1192\" data-end=\"1244\"><strong data-start=\"1192\" data-end=\"1202\">L&rsquo;opportunit\u00e9:<\/strong> Opportunit\u00e9 passionnante de croissance et d\u2019impact : associ\u00e9 au d\u00e9veloppement commercial<\/p>\n<p>\u00cates-vous une personne dynamique et comp\u00e9titive pr\u00eate \u00e0 avoir un impact significatif ? Rejoignez notre \u00e9quipe en tant qu&rsquo;associ\u00e9 au d\u00e9veloppement commercial \u00e0 temps plein et jouez un r\u00f4le crucial dans la croissance d&rsquo;Actlabs dans l&rsquo;industrie de l&rsquo;exploration min\u00e9rale. C&rsquo;est votre chance de promouvoir nos services de pointe et de d\u00e9velopper des affaires dans le Nord de l&rsquo;Ontario et du Qu\u00e9bec. Ce r\u00f4le sera bas\u00e9 \u00e0 Val-d\u2019Or, Thunder Bay, Ontario ou \u00e0 Ancaster, en Ontario<\/p>\n<p>Dans ce r\u00f4le, vous aurez l&rsquo;opportunit\u00e9 de:<\/p>\n<ul>\n<li>D\u00e9velopper et vendre nos services au sein de l&rsquo;industrie de l&rsquo;exploration min\u00e9rale, alimentant ainsi la croissance et l&rsquo;innovation.<\/li>\n<li>S&rsquo;engager avec les clients actuels et pass\u00e9s, en \u00e9tablissant des relations pour g\u00e9n\u00e9rer de nouvelles ventes.<\/li>\n<li>Rechercher et identifier des clients potentiels, \u00e9tablir un premier contact et vendre efficacement nos services pour \u00e9largir notre client\u00e8le et stimuler la croissance.<\/li>\n<li>Identifier et assister \u00e0 des salons professionnels et \u00e0 des \u00e9v\u00e9nements de r\u00e9seautage \u00e0 fort impact.<\/li>\n<li>G\u00e9rer les attentes des clients et assurer une prestation de services de premier ordre.<\/li>\n<li>Fournir des devis, pr\u00e9parer des contrats de vente.<\/li>\n<li>Voyager au besoin pour maintenir et d\u00e9velopper notre client\u00e8le.<\/li>\n<li>Aider \u00e0 l&rsquo;interpr\u00e9tation des clients concernant les demandes g\u00e9ologiques et min\u00e9rales et valider les configurations de commande.<\/li>\n<li>Collaborez avec notre \u00e9quipe pour cr\u00e9er des pr\u00e9sentations et des rapports convaincants.<\/li>\n<li>R\u00e9alisez des pr\u00e9sentations percutantes lors de conf\u00e9rences techniques et directement aux clients.<\/li>\n<\/ul>\n<p>\u00catre bilingue en anglais et en fran\u00e7ais est une exigence qui am\u00e9liorera votre capacit\u00e9 \u00e0 entrer en contact avec notre client\u00e8le diversifi\u00e9e. Si vous \u00eates passionn\u00e9 par les \u00e9tudes de march\u00e9, la g\u00e9n\u00e9ration de leads et la communication efficace avec les clients et les parties prenantes, nous voulons que vous fassiez partie de notre \u00e9quipe!<\/p>\n<p>Ce r\u00f4le offre une opportunit\u00e9 passionnante de croissance et de d\u00e9veloppement professionnel, vous permettant d&rsquo;avoir un impact tangible sur le succ\u00e8s d&rsquo;Actlabs. Si vous \u00eates pr\u00eat \u00e0 relever ce d\u00e9fi dynamique, nous vous invitons \u00e0 postuler et \u00e0 faire partie de notre \u00e9quipe innovante et avant-gardiste.<\/p>\n<hr data-start=\"2960\" data-end=\"2963\">\n<p data-start=\"2965\" data-end=\"2984\"><strong data-start=\"2965\" data-end=\"2982\">Ce que vous apportez \u00e0 l&rsquo;\u00e9quipe:<\/strong><\/p>\n<ul>\n<li><strong>Formation scolaire:<\/strong> Baccalaur\u00e9at ou dipl\u00f4me coll\u00e9gial en chimie, g\u00e9ologie, commerce ou dans un domaine connexe.<\/li>\n<li><strong>Exp\u00e9rience<\/strong>: Minimum de 3 ans en d\u00e9veloppement des affaires, avec une pr\u00e9f\u00e9rence pour l&rsquo;exp\u00e9rience dans l&rsquo;industrie mini\u00e8re\/min\u00e9rale.<\/li>\n<li><strong>Comp\u00e9tences en communication<\/strong>: la ma\u00eetrise du fran\u00e7ais est requise et la ma\u00eetrise de l&rsquo;anglais est un atout majeur.<\/li>\n<\/ul>\n<p><strong data-start=\"2965\" data-end=\"2982\">Ensemble de comp\u00e9tences:<\/strong><\/p>\n<ul>\n<li>Excellente comp\u00e9tences en communication et relation interpersonelles.<\/li>\n<li>Exp\u00e9rience av\u00e9r\u00e9e dans l&rsquo;acquisition de clients par diverses m\u00e9thodes telles que les appels t\u00e9l\u00e9phoniques, les r\u00e9unions en personne et les \u00e9v\u00e9nements de r\u00e9seautage.<\/li>\n<li>Fortes capacit\u00e9s d&rsquo;organisation et de priorisation.<\/li>\n<li>Motiv\u00e9, soucieux du d\u00e9tail et capable d&rsquo;effectuer plusieurs t\u00e2ches \u00e0 la fois.<\/li>\n<li>Expertise en r\u00e9solution de probl\u00e8mes et capacit\u00e9 \u00e0 cr\u00e9er des plans de travail pour des projets de toutes tailles.<\/li>\n<li>Ma\u00eetrise des outils informatiques et d\u00e9marche proactive et ax\u00e9e sur la qualit\u00e9.<\/li>\n<li>Esprit ax\u00e9 sur le client et capacit\u00e9 \u00e0 travailler efficacement de mani\u00e8re ind\u00e9pendante et en \u00e9quipe.<\/li>\n<li>Volont\u00e9 de faire des heures suppl\u00e9mentaires si n\u00e9cessaire pour terminer des projets.<\/li>\n<\/ul>\n<p><strong data-start=\"2965\" data-end=\"2982\">Ce que nous offrons:<\/strong><\/p>\n<ul>\n<li><strong>Salaire comp\u00e9titif<\/strong>: Nous valorisons votre expertise et offrons un package salarial comp\u00e9titif.<\/li>\n<li><strong>Compte de d\u00e9penses de sant\u00e9<\/strong>: acc\u00e8s \u00e0 un compte de d\u00e9penses de sant\u00e9 pour vos besoins m\u00e9dicaux.<\/li>\n<li><strong>Cong\u00e9 pour raisons de vivre<\/strong>: options de cong\u00e9 g\u00e9n\u00e9reuses, notamment vacances, horaires flexibles, cong\u00e9s de maladie et cong\u00e9s parentaux.<\/li>\n<li><strong>Horaires flexibles<\/strong>: profitez de la flexibilit\u00e9 de votre horaire de travail.<\/li>\n<li><strong>D\u00e9veloppement de carri\u00e8re<\/strong>: opportunit\u00e9s de croissance professionnelle et d&rsquo;avancement de carri\u00e8re.<\/li>\n<\/ul>\n<p>Rejoignez-nous et faites partie d&rsquo;une \u00e9quipe dynamique et professionnelle o\u00f9 vos comp\u00e9tences et vos contributions sont valoris\u00e9es et r\u00e9compens\u00e9es. Postulez maintenant et franchissez la prochaine \u00e9tape de votre carri\u00e8re avec nous!<\/p>\n<hr data-start=\"3705\" data-end=\"3708\">\n<p data-start=\"3710\" data-end=\"3739\"><strong data-start=\"3710\" data-end=\"3737\">Un lieu de travail pour tous:<\/strong><\/p>\n<p>Nous remercions tous les candidats de leur int\u00e9r\u00eat \u00e0 rejoindre notre \u00e9quipe. Veuillez noter que seules les personnes s\u00e9lectionn\u00e9es pour une entrevue seront contact\u00e9es.<\/p>\n<p>Chez Actlabs, nous c\u00e9l\u00e9brons la diversit\u00e9 et nous nous engageons \u00e0 cr\u00e9er un environnement de travail inclusif pour tous les employ\u00e9s. Nous sommes fiers d&rsquo;\u00eatre un employeur garantissant l&rsquo;\u00e9galit\u00e9 des chances et nous nous effor\u00e7ons de garantir que toutes les voix soient entendues, que toutes les cultures soient respect\u00e9es et qu&rsquo;une vari\u00e9t\u00e9 de points de vue soit non seulement la bienvenue, mais essentielle \u00e0 notre r\u00e9ussite.<\/p>\n<p>Nous nous traitons les uns les autres avec \u00e9quit\u00e9 et dignit\u00e9, quels que soient la race, le sexe, la nationalit\u00e9, l&rsquo;origine ethnique, la religion, l&rsquo;\u00e2ge, l&rsquo;orientation sexuelle ou toute autre consid\u00e9ration personnelle. Nous pensons qu\u2019une main-d\u2019\u0153uvre diversifi\u00e9e et inclusive est essentielle pour stimuler l\u2019innovation et atteindre l\u2019excellence.<\/p>\n<p>Type d&#8217;emploi : Temps plein<\/p>\n<p>Avantages :<\/p>\n<ul>\n<li>Assurance Dentaire<\/li>\n<li>Assurance Vision<\/li>\n<li>Cong\u00e9s pay\u00e9s<\/li>\n<\/ul>\n<p>Capacit\u00e9 \u00e0 faire le trajet ou \u00e0 d\u00e9m\u00e9nager:<\/p>\n<ul>\n<li>Val-d&rsquo;Or, QC: Faire le trajet sans probl\u00e8me ou pr\u00e9voir un d\u00e9m\u00e9nagement avant de prendre son poste (Souhait\u00e9)<\/li>\n<\/ul>\n<p>Exp\u00e9rience:<\/p>\n<ul>\n<li>Business development: 3 ans (Souhait\u00e9)<\/li>\n<\/ul>\n<p>Lieu du poste : En pr\u00e9sentiel<\/p>\n<hr data-start=\"4317\" data-end=\"4320\">\n<p data-start=\"4108\" data-end=\"4315\">Soumettez une lettre de motivation et un CV, en indiquant le titre du poste dans l&rsquo;objet du message, par courrier \u00e9lectronique \u00e0 <a href=\"mailto:humanresources@actlabs.com\">humanresources@actlabs.com<\/a><\/p>\n<hr data-start=\"4317\" data-end=\"4320\">\n<p>Contactez Actlabs Val-d\u2019Or d\u00e8s aujourd\u2019hui<\/p>\n<p>150 rue Georges Dumont, Val-d\u2019Or, Qu\u00e9bec, J9P 7B2 CANADA<br \/>\n+1.819.824.2777<br \/>\nvaldor@actlabs.com<\/p>\n<\/div><\/div><\/div><\/div><\/div>\n","protected":false},"excerpt":{"rendered":"","protected":false},"author":7,"featured_media":0,"parent":0,"menu_order":0,"comment_status":"closed","ping_status":"closed","template":"","meta":{"footnotes":""},"class_list":["post-7659","page","type-page","status-publish","hentry"],"yoast_head":"<!-- This site is optimized with the Yoast SEO plugin v27.2 - https:\/\/yoast.com\/product\/yoast-seo-wordpress\/ -->\n<title>Associ\u00e9 au d\u00e9veloppement des affaires \u2013 Mines\/Min\u00e9raux (Bilingue Anglais\/Fran\u00e7ais) - Actlabs<\/title>\n<meta name=\"robots\" content=\"index, follow, max-snippet:-1, max-image-preview:large, max-video-preview:-1\" \/>\n<link rel=\"canonical\" href=\"https:\/\/actlabs.com\/fr\/associe-au-developpement-des-affaires-mines-mineraux-bilingue-anglais-francais\/\" \/>\n<meta property=\"og:locale\" content=\"fr_FR\" \/>\n<meta property=\"og:type\" content=\"article\" \/>\n<meta property=\"og:title\" content=\"Associ\u00e9 au d\u00e9veloppement des affaires \u2013 Mines\/Min\u00e9raux (Bilingue Anglais\/Fran\u00e7ais) - Actlabs\" \/>\n<meta property=\"og:url\" content=\"https:\/\/actlabs.com\/fr\/associe-au-developpement-des-affaires-mines-mineraux-bilingue-anglais-francais\/\" \/>\n<meta property=\"og:site_name\" content=\"Actlabs\" \/>\n<meta property=\"article:modified_time\" content=\"2025-09-25T16:35:02+00:00\" \/>\n<meta property=\"og:image\" content=\"https:\/\/actlabs.com\/wp-content\/uploads\/2025\/08\/actlabs-og-2.jpg\" \/>\n\t<meta property=\"og:image:width\" content=\"1200\" \/>\n\t<meta property=\"og:image:height\" content=\"630\" \/>\n\t<meta property=\"og:image:type\" content=\"image\/jpeg\" \/>\n<meta name=\"twitter:card\" content=\"summary_large_image\" \/>\n<meta name=\"twitter:label1\" content=\"Dur\u00e9e de lecture estim\u00e9e\" \/>\n\t<meta name=\"twitter:data1\" content=\"5 minutes\" \/>\n<script type=\"application\/ld+json\" class=\"yoast-schema-graph\">{\"@context\":\"https:\/\/schema.org\",\"@graph\":[{\"@type\":\"WebPage\",\"@id\":\"https:\/\/actlabs.com\/fr\/associe-au-developpement-des-affaires-mines-mineraux-bilingue-anglais-francais\/\",\"url\":\"https:\/\/actlabs.com\/fr\/associe-au-developpement-des-affaires-mines-mineraux-bilingue-anglais-francais\/\",\"name\":\"Associ\u00e9 au d\u00e9veloppement des affaires \u2013 Mines\/Min\u00e9raux (Bilingue Anglais\/Fran\u00e7ais) - Actlabs\",\"isPartOf\":{\"@id\":\"https:\/\/actlabs.com\/fr\/#website\"},\"datePublished\":\"2025-09-25T16:25:22+00:00\",\"dateModified\":\"2025-09-25T16:35:02+00:00\",\"breadcrumb\":{\"@id\":\"https:\/\/actlabs.com\/fr\/associe-au-developpement-des-affaires-mines-mineraux-bilingue-anglais-francais\/#breadcrumb\"},\"inLanguage\":\"fr-FR\",\"potentialAction\":[{\"@type\":\"ReadAction\",\"target\":[\"https:\/\/actlabs.com\/fr\/associe-au-developpement-des-affaires-mines-mineraux-bilingue-anglais-francais\/\"]}]},{\"@type\":\"BreadcrumbList\",\"@id\":\"https:\/\/actlabs.com\/fr\/associe-au-developpement-des-affaires-mines-mineraux-bilingue-anglais-francais\/#breadcrumb\",\"itemListElement\":[{\"@type\":\"ListItem\",\"position\":1,\"name\":\"Home\",\"item\":\"https:\/\/actlabs.com\/fr\/\"},{\"@type\":\"ListItem\",\"position\":2,\"name\":\"Associ\u00e9 au d\u00e9veloppement des affaires \u2013 Mines\/Min\u00e9raux (Bilingue Anglais\/Fran\u00e7ais)\"}]},{\"@type\":\"WebSite\",\"@id\":\"https:\/\/actlabs.com\/fr\/#website\",\"url\":\"https:\/\/actlabs.com\/fr\/\",\"name\":\"Actlabs\",\"description\":\"\",\"potentialAction\":[{\"@type\":\"SearchAction\",\"target\":{\"@type\":\"EntryPoint\",\"urlTemplate\":\"https:\/\/actlabs.com\/fr\/?s={search_term_string}\"},\"query-input\":{\"@type\":\"PropertyValueSpecification\",\"valueRequired\":true,\"valueName\":\"search_term_string\"}}],\"inLanguage\":\"fr-FR\"}]}<\/script>\n<!-- \/ Yoast SEO plugin. -->","yoast_head_json":{"title":"Associ\u00e9 au d\u00e9veloppement des affaires \u2013 Mines\/Min\u00e9raux (Bilingue Anglais\/Fran\u00e7ais) - Actlabs","robots":{"index":"index","follow":"follow","max-snippet":"max-snippet:-1","max-image-preview":"max-image-preview:large","max-video-preview":"max-video-preview:-1"},"canonical":"https:\/\/actlabs.com\/fr\/associe-au-developpement-des-affaires-mines-mineraux-bilingue-anglais-francais\/","og_locale":"fr_FR","og_type":"article","og_title":"Associ\u00e9 au d\u00e9veloppement des affaires \u2013 Mines\/Min\u00e9raux (Bilingue Anglais\/Fran\u00e7ais) - Actlabs","og_url":"https:\/\/actlabs.com\/fr\/associe-au-developpement-des-affaires-mines-mineraux-bilingue-anglais-francais\/","og_site_name":"Actlabs","article_modified_time":"2025-09-25T16:35:02+00:00","og_image":[{"width":1200,"height":630,"url":"https:\/\/actlabs.com\/wp-content\/uploads\/2025\/08\/actlabs-og-2.jpg","type":"image\/jpeg"}],"twitter_card":"summary_large_image","twitter_misc":{"Dur\u00e9e de lecture estim\u00e9e":"5 minutes"},"schema":{"@context":"https:\/\/schema.org","@graph":[{"@type":"WebPage","@id":"https:\/\/actlabs.com\/fr\/associe-au-developpement-des-affaires-mines-mineraux-bilingue-anglais-francais\/","url":"https:\/\/actlabs.com\/fr\/associe-au-developpement-des-affaires-mines-mineraux-bilingue-anglais-francais\/","name":"Associ\u00e9 au d\u00e9veloppement des affaires \u2013 Mines\/Min\u00e9raux (Bilingue Anglais\/Fran\u00e7ais) - Actlabs","isPartOf":{"@id":"https:\/\/actlabs.com\/fr\/#website"},"datePublished":"2025-09-25T16:25:22+00:00","dateModified":"2025-09-25T16:35:02+00:00","breadcrumb":{"@id":"https:\/\/actlabs.com\/fr\/associe-au-developpement-des-affaires-mines-mineraux-bilingue-anglais-francais\/#breadcrumb"},"inLanguage":"fr-FR","potentialAction":[{"@type":"ReadAction","target":["https:\/\/actlabs.com\/fr\/associe-au-developpement-des-affaires-mines-mineraux-bilingue-anglais-francais\/"]}]},{"@type":"BreadcrumbList","@id":"https:\/\/actlabs.com\/fr\/associe-au-developpement-des-affaires-mines-mineraux-bilingue-anglais-francais\/#breadcrumb","itemListElement":[{"@type":"ListItem","position":1,"name":"Home","item":"https:\/\/actlabs.com\/fr\/"},{"@type":"ListItem","position":2,"name":"Associ\u00e9 au d\u00e9veloppement des affaires \u2013 Mines\/Min\u00e9raux (Bilingue Anglais\/Fran\u00e7ais)"}]},{"@type":"WebSite","@id":"https:\/\/actlabs.com\/fr\/#website","url":"https:\/\/actlabs.com\/fr\/","name":"Actlabs","description":"","potentialAction":[{"@type":"SearchAction","target":{"@type":"EntryPoint","urlTemplate":"https:\/\/actlabs.com\/fr\/?s={search_term_string}"},"query-input":{"@type":"PropertyValueSpecification","valueRequired":true,"valueName":"search_term_string"}}],"inLanguage":"fr-FR"}]}},"_links":{"self":[{"href":"https:\/\/actlabs.com\/fr\/wp-json\/wp\/v2\/pages\/7659","targetHints":{"allow":["GET"]}}],"collection":[{"href":"https:\/\/actlabs.com\/fr\/wp-json\/wp\/v2\/pages"}],"about":[{"href":"https:\/\/actlabs.com\/fr\/wp-json\/wp\/v2\/types\/page"}],"author":[{"embeddable":true,"href":"https:\/\/actlabs.com\/fr\/wp-json\/wp\/v2\/users\/7"}],"replies":[{"embeddable":true,"href":"https:\/\/actlabs.com\/fr\/wp-json\/wp\/v2\/comments?post=7659"}],"version-history":[{"count":0,"href":"https:\/\/actlabs.com\/fr\/wp-json\/wp\/v2\/pages\/7659\/revisions"}],"wp:attachment":[{"href":"https:\/\/actlabs.com\/fr\/wp-json\/wp\/v2\/media?parent=7659"}],"curies":[{"name":"wp","href":"https:\/\/api.w.org\/{rel}","templated":true}]}}